{"id":9855,"date":"2023-04-28T14:40:06","date_gmt":"2023-04-28T11:40:06","guid":{"rendered":"https:\/\/jdm.lv\/checkout\/"},"modified":"2025-10-16T13:34:45","modified_gmt":"2025-10-16T10:34:45","slug":"checkout","status":"publish","type":"page","link":"https:\/\/jdm.lv\/lv\/checkout\/","title":{"rendered":"Pas\u016bt\u012bjuma nofrom\u0113\u0161ana"},"content":{"rendered":"<div class=\"woocommerce\"><\/div>\n\n\n\n<div class=\"wp-block-columns is-layout-flex wp-container-core-columns-is-layout-9d6595d7 wp-block-columns-is-layout-flex\">\n<div class=\"wp-block-column is-layout-flow wp-block-column-is-layout-flow\" style=\"flex-basis:100%\">\n<div class=\"wp-block-genesis-blocks-gb-container gb-block-container\"><div class=\"gb-container-inside\"><div class=\"gb-container-content\"><\/div><\/div><\/div>\n\n\n\n<p>L\u016bdzu, \u0146emiet v\u0113r\u0101: Visi attiec\u012bgie nodok\u013ci un muitas maks\u0101jumi ir pirc\u0113ja atbild\u012bba. M\u0113s iesak\u0101m p\u0101rskat\u012bt j\u016bsu valsts importa politiku, lai saprastu, k\u0101das papildu izmaksas var tikt piem\u0113rotas p\u0113c j\u016bsu pas\u016bt\u012bjuma sa\u0146em\u0161anas.<\/p>\n\n\n\n<div class=\"wp-block-genesis-blocks-gb-columns gb-layout-columns-2 gb-2-col-equal\"><div class=\"gb-layout-column-wrap gb-block-layout-column-gap-2 gb-is-responsive-column\">\n<div class=\"wp-block-genesis-blocks-gb-column gb-block-layout-column\"><div class=\"gb-block-layout-column-inner\">\n<p><strong>Pre\u010du nos\u016bt\u012b\u0161ana<\/strong>:M\u0113s sagatavojam un nos\u016bt\u0101m j\u016bsu preces 4-14 darba dienu laik\u0101 p\u0113c pas\u016bt\u012bjuma. Bet hei, br\u012bvdienas\/sv\u0113tku dienas var nedaudz to aizkav\u0113t. Pieg\u0101de parasti notiek vienm\u0113r\u012bgi 4-10 darba dienu laik\u0101, atkar\u012bb\u0101 no j\u016bsu atra\u0161an\u0101s vietas. Izp\u0101rdot\u0101m prec\u0113m pieg\u0101de var aiz\u0146emt l\u012bdz 25 darba dien\u0101m.<\/p>\n\n\n\n<div class=\"wp-block-buttons is-layout-flex wp-block-buttons-is-layout-flex\">\n<div class=\"wp-block-button has-custom-width wp-block-button__width-75\"><a class=\"wp-block-button__link has-background wp-element-button\" href=\"https:\/\/jdm.lv\/lv\/shipping\/\" style=\"background:linear-gradient(90deg,rgb(2,3,129) 0%,rgb(40,116,252) 100%)\" target=\"_blank\" rel=\"noreferrer noopener\">Vair\u0101k par pieg\u0101d\u0113m te<\/a><\/div>\n<\/div>\n<\/div><\/div>\n\n\n\n<div class=\"wp-block-genesis-blocks-gb-column gb-block-layout-column\"><div class=\"gb-block-layout-column-inner\">\n<figure class=\"wp-block-image size-full\"><img decoding=\"async\" src=\"https:\/\/jdm.lv\/wp-content\/uploads\/2024\/02\/image-1.png\" alt=\"\" class=\"wp-image-10869\"\/><\/figure>\n<\/div><\/div>\n<\/div><\/div>\n<\/div>\n<\/div>\n\n\n\n<div class=\"wp-block-columns is-layout-flex wp-container-core-columns-is-layout-9d6595d7 wp-block-columns-is-layout-flex\">\n<div class=\"wp-block-column is-layout-flow wp-block-column-is-layout-flow\" style=\"flex-basis:100%\">\n<div class=\"wp-block-genesis-blocks-gb-container gb-block-container\"><div class=\"gb-container-inside\"><div class=\"gb-container-content\">\n<div class=\"wp-block-genesis-blocks-gb-container gb-block-container\"><div class=\"gb-container-inside\"><div class=\"gb-container-content\"><\/div><\/div><\/div>\n<\/div><\/div><\/div>\n\n\n\n<div class=\"wp-block-columns is-layout-flex wp-container-core-columns-is-layout-9d6595d7 wp-block-columns-is-layout-flex\">\n<div class=\"wp-block-column is-layout-flow wp-block-column-is-layout-flow\">\n<div class=\"wp-block-columns is-layout-flex wp-container-core-columns-is-layout-9d6595d7 wp-block-columns-is-layout-flex\">\n<div class=\"wp-block-column is-layout-flow wp-block-column-is-layout-flow\" style=\"flex-basis:66.66%\">\n<div class=\"wp-block-genesis-blocks-gb-container gb-block-container\"><div class=\"gb-container-inside\"><div class=\"gb-container-content\">\n<p><strong>Biedr\u012bba \u201cJDM Latvija\u201d<\/strong><br>\u0136ekavas nov., Baldone, Vanagkalnu iela 15 \u2013 4;<br>Latvija, LV-2125<br>Re\u0123. Nr. 40008324457<br>A\/S \u201cSwedbank\u201d, kods HABALV22;<br>Konta Nr..LV70HABA0551055602261<\/p>\n<\/div><\/div><\/div>\n<\/div>\n\n\n\n<div class=\"wp-block-column is-layout-flow wp-block-column-is-layout-flow\" style=\"flex-basis:33.33%\">\n<div class=\"wp-block-genesis-blocks-gb-container gb-block-container\"><div class=\"gb-container-inside\"><div class=\"gb-container-content\">\n<p>Sazinies ar mums: <\/p>\n\n\n\n<p>shop@jdm.lv<\/p>\n<\/div><\/div><\/div>\n<\/div>\n<\/div>\n<\/div>\n<\/div>\n<\/div>\n<\/div>","protected":false},"excerpt":{"rendered":"<p>Please note: All applicable taxes and customs duties are the responsibility of the buyer. We recommend reviewing your country&#8217;s import [&hellip;]<\/p>\n","protected":false},"author":1,"featured_media":0,"parent":0,"menu_order":0,"comment_status":"closed","ping_status":"closed","template":"","meta":{"_eb_attr":"","footnotes":""},"class_list":["post-9855","page","type-page","status-publish","hentry"],"_links":{"self":[{"href":"https:\/\/jdm.lv\/lv\/wp-json\/wp\/v2\/pages\/9855","targetHints":{"allow":["GET"]}}],"collection":[{"href":"https:\/\/jdm.lv\/lv\/wp-json\/wp\/v2\/pages"}],"about":[{"href":"https:\/\/jdm.lv\/lv\/wp-json\/wp\/v2\/types\/page"}],"author":[{"embeddable":true,"href":"https:\/\/jdm.lv\/lv\/wp-json\/wp\/v2\/users\/1"}],"replies":[{"embeddable":true,"href":"https:\/\/jdm.lv\/lv\/wp-json\/wp\/v2\/comments?post=9855"}],"version-history":[{"count":0,"href":"https:\/\/jdm.lv\/lv\/wp-json\/wp\/v2\/pages\/9855\/revisions"}],"wp:attachment":[{"href":"https:\/\/jdm.lv\/lv\/wp-json\/wp\/v2\/media?parent=9855"}],"curies":[{"name":"wp","href":"https:\/\/api.w.org\/{rel}","templated":true}]}}